{"id":208,"date":"2024-12-17T13:27:05","date_gmt":"2024-12-17T13:27:05","guid":{"rendered":"https:\/\/www.api-institut.ro\/?page_id=208"},"modified":"2024-12-17T16:29:30","modified_gmt":"2024-12-17T16:29:30","slug":"burse","status":"publish","type":"page","link":"https:\/\/www.api-institut.ro\/?page_id=208","title":{"rendered":"Burse"},"content":{"rendered":"\n<div class=\"collapsible\">\n  <style>\n    .collapsible {\n      font-family: Arial, sans-serif;\n    }\n\n    .collapsible details {\n      margin: 10px 0;\n    }\n\n    .collapsible summary {\n      cursor: pointer;\n      font-weight: bold;\n    }\n\n    .collapsible p {\n      margin: 5px 0 0 20px;\n      font-size: 14px;\n      color: #555;\n    }\n\n    .collapsible details details {\n      margin-left: 20px;\n      border-left: 2px solid #ddd;\n      padding-left: 10px;\n    }\n\n    \/* Default styling for custom submenu *\/\n    .custom_submenu {\n      color: #0d258f;\n    }\n  <\/style>\n  <details>\n    <summary>Burse de excelen\u021b\u0103<\/summary>\n    <p><\/p>\n    <details>\n      <summary class=\"custom_submenu\">Bursa &#8222;Alexandru Papiu Ilarian&#8221;<\/summary>\n      <p>\u00cen curs de adoptare a criteriilor de evaluare<\/p>\n    <\/details>\n  <\/details>\n  <details>\n    <summary>Burse pentru performan\u021b\u0103<\/summary>\n    <p><\/p>\n    <details>\n      <summary class=\"custom_submenu\">Bursa &#8222;Romulus Gidro&#8221;<\/summary>\n      <p>\u00cen curs de adoptare a criteriilor de evaluare<\/p>\n    <\/details>\n  <\/details>\n  <details>\n    <summary>Burse de studiu<\/summary>\n    <p>\u00cen curs de adoptare a criteriilor de evaluare<\/p>\n  <\/details>\n  <details>\n    <summary>Cuantum burse<\/summary>\n    <p>\u00cen curs de adoptare a criteriilor de evaluare<\/p>\n  <\/details>\n  <details>\n    <summary>Metodologie pentru acordarea burselor<\/summary>\n    <p>\u00cen curs de adoptare<\/p>\n  <\/details>\n\n  <!-- JavaScript for hover functionality -->\n  <script>\n    \/\/ Select all elements with the class 'custom_submenu'\n    const submenuItems = document.querySelectorAll('.custom_submenu');\n\n    submenuItems.forEach(item => {\n      \/\/ Add mouseover event to change the color to red\n      item.addEventListener('mouseover', () => {\n        item.style.color = 'red';\n      });\n\n      \/\/ Add mouseout event to revert the color back to default\n      item.addEventListener('mouseout', () => {\n        item.style.color = '#0d258f';\n      });\n    });\n  <\/script>\n<\/div>\n\n\n\n<p><\/p>\n","protected":false},"excerpt":{"rendered":"<p>Burse de excelen\u021b\u0103 Bursa &#8222;Alexandru Papiu Ilarian&#8221; \u00cen curs de adoptare a criteriilor de evaluare Burse pentru performan\u021b\u0103 Bursa &#8222;Romulus Gidro&#8221; \u00cen curs de adoptare a criteriilor de evaluare Burse de studiu \u00cen curs de adoptare a criteriilor de evaluare Cuantum burse \u00cen curs de adoptare a criteriilor de evaluare Metodologie pentru acordarea burselor \u00cen&hellip;&nbsp;<a href=\"https:\/\/www.api-institut.ro\/?page_id=208\" rel=\"bookmark\">Cite\u0219te mai mult &raquo;<span class=\"screen-reader-text\">Burse<\/span><\/a><\/p>\n","protected":false},"author":1,"featured_media":0,"parent":0,"menu_order":0,"comment_status":"closed","ping_status":"closed","template":"","meta":{"neve_meta_sidebar":"","neve_meta_container":"","neve_meta_enable_content_width":"on","neve_meta_content_width":100,"neve_meta_title_alignment":"","neve_meta_author_avatar":"","neve_post_elements_order":"","neve_meta_disable_header":"","neve_meta_disable_footer":"","neve_meta_disable_title":"off","footnotes":""},"class_list":["post-208","page","type-page","status-publish","hentry"],"_links":{"self":[{"href":"https:\/\/www.api-institut.ro\/index.php?rest_route=\/wp\/v2\/pages\/208","targetHints":{"allow":["GET"]}}],"collection":[{"href":"https:\/\/www.api-institut.ro\/index.php?rest_route=\/wp\/v2\/pages"}],"about":[{"href":"https:\/\/www.api-institut.ro\/index.php?rest_route=\/wp\/v2\/types\/page"}],"author":[{"embeddable":true,"href":"https:\/\/www.api-institut.ro\/index.php?rest_route=\/wp\/v2\/users\/1"}],"replies":[{"embeddable":true,"href":"https:\/\/www.api-institut.ro\/index.php?rest_route=%2Fwp%2Fv2%2Fcomments&post=208"}],"version-history":[{"count":28,"href":"https:\/\/www.api-institut.ro\/index.php?rest_route=\/wp\/v2\/pages\/208\/revisions"}],"predecessor-version":[{"id":321,"href":"https:\/\/www.api-institut.ro\/index.php?rest_route=\/wp\/v2\/pages\/208\/revisions\/321"}],"wp:attachment":[{"href":"https:\/\/www.api-institut.ro\/index.php?rest_route=%2Fwp%2Fv2%2Fmedia&parent=208"}],"curies":[{"name":"wp","href":"https:\/\/api.w.org\/{rel}","templated":true}]}}