{"id":2,"date":"2024-09-06T08:48:52","date_gmt":"2024-09-06T08:48:52","guid":{"rendered":"https:\/\/www.api-institut.ro\/?page_id=2"},"modified":"2024-12-27T08:38:01","modified_gmt":"2024-12-27T08:38:01","slug":"pagina-exemplu","status":"publish","type":"page","link":"https:\/\/www.api-institut.ro\/?page_id=2","title":{"rendered":"Scop \u0219i Obiective"},"content":{"rendered":"\n<p>INSTITUTUL DE CERCET\u0102RI JURIDICE \u0218I ISTORICE \u201eALEXANDRU PAPIU ILARIAN\u201d<strong> <\/strong>are ca <strong>scop<\/strong>:<\/p>\n\n\n\n<p>a) Promovarea cercet\u0103rii \u0219tiin\u021bifice \u00een domeniul \u0219tiin\u021belor juridice \u00een acord cu cerin\u021bele perfec\u021bion\u0103rii dreptului \u0219i a administra\u021biei publice, precum \u0219i ale armoniz\u0103rii sistemului de drept na\u021bional cu normele \u0219i reglement\u0103rile comunitare \u0219i g\u0103sirea unor solu\u021bii noi de implementare a rezultatelor ob\u021binute \u00een practica social\u0103;<\/p>\n\n\n\n<p>b) Promovarea cercet\u0103rii \u0219tiin\u021bifice \u00een domeniul istoriei \u00een concordan\u021b\u0103 cu tendin\u021bele \u0219i g\u00e2ndirea \u0219tiin\u021bific\u0103;<\/p>\n\n\n\n<p>c) Promovarea \u0219i diseminarea, pe plan na\u021bional \u0219i interna\u021bional, prin conferin\u021be, dezbateri, simpozioane \u0219i publicarea \u00een reviste de specialitate a rezultatelor cercet\u0103rii \u0219tiin\u021bifice;<\/p>\n\n\n\n<p>d) Promovarea excelen\u021bei \u00een cercetarea juridic\u0103 \u0219i istoric\u0103;<\/p>\n\n\n\n<p>e) Sprijinirea institu\u021biilor publice \u0219i a organiza\u021biilor economice, prin consultan\u021b\u0103 si expertiz\u0103, \u00een ceea ce prive\u0219te g\u0103sirea de noi solu\u021bii juridice \u00een perspectiva atragerii de fonduri europene pentru modernizarea structurilor respective;<\/p>\n\n\n\n<p>f) Sprijinirea \u0219tiin\u021bific\u0103 practic formativ\u0103 pentru diferite categorii de beneficiari.<\/p>\n\n\n\n<p>Pentru realizarea scopului, INSTITUTUL DE CERCET\u0102RI JURIDICE \u0218I ISTORICE \u201eALEXANDRU PAPIU ILARIAN\u201d are urm\u0103toarele <strong>obiective<\/strong>:<\/p>\n\n\n\n<p>a) Realizarea de studii \u0219i cercet\u0103ri pentru colectarea de date comparative \u0219i realizarea de analize, \u00een scopul identific\u0103rii unor solu\u021bii ameliorative \u00een context na\u021bional \u0219i interna\u021bional;<\/p>\n\n\n\n<p>b) Organizarea de congrese, conferin\u021be, simpozioane, seminare, mese rotunde, tabere \u0219i ateliere;<\/p>\n\n\n\n<p>c) Organizarea de activit\u0103\u021bi care sa serveasc\u0103 scopului INSTITUTULUI DE CERCET\u0102RI JURIDICE \u0218I ISTORICE \u201eALEXANDRU PAPIU ILARIAN\u201d;<\/p>\n\n\n\n<p>d) Atragerea de fonduri de la organiza\u021biile guvernamentale si\/sau nonguvernamentale, precum \u0219i de la alte persoane fizice sau juridice din \u021bar\u0103 \u0219i din str\u0103in\u0103tate pentru finan\u021barea de programe sau proiecte care s\u0103 sus\u021bin\u0103 cercetarea juridic\u0103 \u0219i istoric\u0103;<\/p>\n\n\n\n<p>e) Editarea de publica\u021bii de specialitate \u2013 reviste, volume, c\u0103r\u021bi, rapoarte de cercetare \u00een domeniul \u0219tiin\u021belor juridice \u0219i istorice<\/p>\n\n\n\n<p>f) Afilierea la organiza\u021bii na\u021bionale \u0219i interna\u021bionale de profil \u0219i dezvoltarea rela\u021biilor cu organiza\u021bii similare din \u021bar\u0103 \u0219i din str\u0103in\u0103tate;<\/p>\n\n\n\n<p>g) Colaborarea cu organe ale administra\u021biei locale, agen\u021bi economici, sindicate, reprezentan\u021bii cultelor, organiza\u021bii nonguvernamentale, \u00een vederea realiz\u0103rii scopului INSTITUTULUI DE CERCET\u0102RI JURIDICE \u0218I ISTORICE \u201eALEXANDRU PAPIU ILARIAN\u201d;<\/p>\n\n\n\n<p>h) Colaborarea \u0219tiin\u021bific\u0103 cu toate tipurile de forme asociative, \u00een vederea eficientiz\u0103rii activit\u0103\u021bii acestora;<\/p>\n\n\n\n<p>i) Acordarea de premii \u0219i burse \u0219i distinc\u021bii \u00een domeniul \u0219tiin\u021belor juridice \u0219i a istoriei.<\/p>\n\n\n\n<ol style=\"list-style-type:lower-alpha\" class=\"wp-block-list\">\n<li><\/li>\n<\/ol>\n","protected":false},"excerpt":{"rendered":"<p>INSTITUTUL DE CERCET\u0102RI JURIDICE \u0218I ISTORICE \u201eALEXANDRU PAPIU ILARIAN\u201d are ca scop: a) Promovarea cercet\u0103rii \u0219tiin\u021bifice \u00een domeniul \u0219tiin\u021belor juridice \u00een acord cu cerin\u021bele perfec\u021bion\u0103rii dreptului \u0219i a administra\u021biei publice, precum \u0219i ale armoniz\u0103rii sistemului de drept na\u021bional cu normele \u0219i reglement\u0103rile comunitare \u0219i g\u0103sirea unor solu\u021bii noi de implementare a rezultatelor ob\u021binute \u00een practica&hellip;&nbsp;<a href=\"https:\/\/www.api-institut.ro\/?page_id=2\" rel=\"bookmark\">Cite\u0219te mai mult &raquo;<span class=\"screen-reader-text\">Scop \u0219i Obiective<\/span><\/a><\/p>\n","protected":false},"author":1,"featured_media":0,"parent":0,"menu_order":0,"comment_status":"closed","ping_status":"open","template":"","meta":{"neve_meta_sidebar":"","neve_meta_container":"","neve_meta_enable_content_width":"","neve_meta_content_width":0,"neve_meta_title_alignment":"","neve_meta_author_avatar":"","neve_post_elements_order":"","neve_meta_disable_header":"","neve_meta_disable_footer":"","neve_meta_disable_title":"","footnotes":""},"class_list":["post-2","page","type-page","status-publish","hentry"],"_links":{"self":[{"href":"https:\/\/www.api-institut.ro\/index.php?rest_route=\/wp\/v2\/pages\/2","targetHints":{"allow":["GET"]}}],"collection":[{"href":"https:\/\/www.api-institut.ro\/index.php?rest_route=\/wp\/v2\/pages"}],"about":[{"href":"https:\/\/www.api-institut.ro\/index.php?rest_route=\/wp\/v2\/types\/page"}],"author":[{"embeddable":true,"href":"https:\/\/www.api-institut.ro\/index.php?rest_route=\/wp\/v2\/users\/1"}],"replies":[{"embeddable":true,"href":"https:\/\/www.api-institut.ro\/index.php?rest_route=%2Fwp%2Fv2%2Fcomments&post=2"}],"version-history":[{"count":4,"href":"https:\/\/www.api-institut.ro\/index.php?rest_route=\/wp\/v2\/pages\/2\/revisions"}],"predecessor-version":[{"id":329,"href":"https:\/\/www.api-institut.ro\/index.php?rest_route=\/wp\/v2\/pages\/2\/revisions\/329"}],"wp:attachment":[{"href":"https:\/\/www.api-institut.ro\/index.php?rest_route=%2Fwp%2Fv2%2Fmedia&parent=2"}],"curies":[{"name":"wp","href":"https:\/\/api.w.org\/{rel}","templated":true}]}}