{"id":19,"date":"2024-09-06T14:45:43","date_gmt":"2024-09-06T14:45:43","guid":{"rendered":"https:\/\/www.api-institut.ro\/?page_id=19"},"modified":"2024-12-17T14:40:53","modified_gmt":"2024-12-17T14:40:53","slug":"detalii-proiect","status":"publish","type":"page","link":"https:\/\/www.api-institut.ro\/?page_id=19","title":{"rendered":"\u0218tiri"},"content":{"rendered":"<ul class=\"wp-block-latest-posts__list has-dates has-author wp-block-latest-posts\"><li><a class=\"wp-block-latest-posts__post-title\" href=\"https:\/\/www.api-institut.ro\/?p=355\">Marea schism\u0103<\/a><div class=\"wp-block-latest-posts__post-author\">de Eugen Hurub\u0103<\/div><time datetime=\"2025-07-16T12:07:39+00:00\" class=\"wp-block-latest-posts__post-date\">16 iulie 2025<\/time><div class=\"wp-block-latest-posts__post-excerpt\">\ud835\uddd4\ud835\uddff\ud835\uddf4\ud835\ude02\ud835\uddfa\ud835\uddf2\ud835\uddfb\ud835\ude01: \ud835\ude10\ud835\ude2f \ud835\ude2e\ud835\ude26\ud835\ude2e\ud835\ude30\ud835\ude33\ud835\ude2a\ud835\ude22 \ud835\ude31\ud835\ude22\ud835\ude35\ud835\ude33\ud835\ude30\ud835\ude2f\ud835\ude36\ud835\ude2d\ud835\ude36\ud835\ude2a \ud835\ude34\ud835\ude31\ud835\ude2a\ud835\ude33\ud835\ude2a\ud835\ude35\ud835\ude36\ud835\ude22\ud835\ude2d \ud835\ude22\ud835\ude2d \ud835\ude10\ud835\ude2f\ud835\ude34\ud835\ude35\ud835\ude2a\ud835\ude35\ud835\ude36\ud835\ude35\ud835\ude36\ud835\ude2d\ud835\ude36\ud835\ude2a \ud835\ude2f\ud835\ude30\ud835\ude34\ud835\ude35\ud835\ude33\ud835\ude36, \ud835\ude27\ud835\ude2a\ud835\ude36 \ud835\ude25\ud835\ude26 \ud835\ude31\ud835\ude33\ud835\ude26\ud835\ude30\ud835\ude35 \ud835\ude28\ud835\ude33\ud835\ude26\ud835\ude24\ud835\ude30-\ud835\ude24\ud835\ude22\ud835\ude35\ud835\ude30\ud835\ude2d\ud835\ude2a\ud835\ude24, \ud835\ude2a\ud835\ude2f\ud835\ude24\ud835\ude26\ud835\ude33\ud835\ude24\ud835\ude22\ud835\ude2e \ud835\ude34\ud835\ude22 \ud835\ude2e\ud835\ude22\ud835\ude33\ud835\ude24\ud835\ude22\ud835\ude2e \ud835\ude2a\ud835\ude34\ud835\ude35\ud835\ude30\ud835\ude33\ud835\ude2a\ud835\ude24\ud835\ude26\ud835\ude34\ud835\ude35\ud835\ude26 \ud835\ude26\ud835\ude37\ud835\ude26\ud835\ude2f\ud835\ude2a\ud835\ude2e\ud835\ude26\ud835\ude2f\ud835\ude35\ud835\ude36\ud835\ude2d \ud835\ude3b\ud835\ude2a\ud835\ude2d\ud835\ude26\ud835\ude2a \ud835\ude25\ud835\ude26 \ud835\ude22\ud835\ude34\ud835\ude35\ud835\ude22\ud835\ude3b\ud835\ude2a. \ud835\udde0\ud835\uddee\ud835\uddff\ud835\uddf2\ud835\uddee \ud835\udde6\ud835\uddf0\ud835\uddf5\ud835\uddf6\ud835\ude00\ud835\uddfa\ud835\uddee \u2013 \ud835\udde2 \ud835\uddf1\ud835\uddf2\ud835\ude00\ud835\uddfd\ud835\uddee\ud835\uddff\ud835\ude01\ud835\uddf6\ud835\uddff\ud835\uddf2 \ud835\uddee \ud835\uddf9\ud835\ude02\ud835\uddfa\ud835\uddf6\ud835\uddf6 \ud835\uddf0\ud835\uddff\ud835\uddf2\ud835\ude00\ud835\ude01\ud835\uddf6\ud835\uddfb\ud835\uddf2 \u00cen ziua de 16 iulie a anului 1054, un eveniment cutremur\u0103 unitatea Bisericii cre\u0219tine: Marea Schism\u0103 dintre Roma \u0219i Bizan\u021b. Atunci, Papa Leon al IX-lea \u0219i Patriarhul&hellip;&nbsp;<a href=\"https:\/\/www.api-institut.ro\/?p=355\" rel=\"bookmark\">Cite\u0219te mai mult &raquo;<span class=\"screen-reader-text\">Marea schism\u0103<\/span><\/a><\/div><\/li>\n<li><a class=\"wp-block-latest-posts__post-title\" href=\"https:\/\/www.api-institut.ro\/?p=324\">Prima reglementare adoptat\u0103 dup\u0103 Revolu\u021bia Rom\u00e2n\u0103 din 1989<\/a><div class=\"wp-block-latest-posts__post-author\">de Eugen Hurub\u0103<\/div><time datetime=\"2024-12-26T12:36:54+00:00\" class=\"wp-block-latest-posts__post-date\">26 decembrie 2024<\/time><div class=\"wp-block-latest-posts__post-excerpt\">\u00cen data de 26 decembrie 1989, Consiliul Frontului Salv\u0103rii Na\u021bionale a adoptat primul act normativ: Decretul-Lege nr. 1\/1989 privind abrogarea unor legi, decrete \u0219i alte acte normative, reglementare pe care o reproducem \u00een cele ce urmeaz\u0103: \u201eDecretul-Lege 1\/1989 privind abrogarea unor legi, decrete si alte acte normative Dat\u0103 act: 26-dec-1989 Emitent: C. F. S. N.&hellip;&nbsp;<a href=\"https:\/\/www.api-institut.ro\/?p=324\" rel=\"bookmark\">Cite\u0219te mai mult &raquo;<span class=\"screen-reader-text\">Prima reglementare adoptat\u0103 dup\u0103 Revolu\u021bia Rom\u00e2n\u0103 din 1989<\/span><\/a><\/div><\/li>\n<li><a class=\"wp-block-latest-posts__post-title\" href=\"https:\/\/www.api-institut.ro\/?p=296\">Constituire<\/a><div class=\"wp-block-latest-posts__post-author\">de Eugen Hurub\u0103<\/div><time datetime=\"2024-12-17T15:04:04+00:00\" class=\"wp-block-latest-posts__post-date\">17 decembrie 2024<\/time><div class=\"wp-block-latest-posts__post-excerpt\">\u00cen cursul anului 2024, profesiile juridice liberale din jude\u021bul Mure\u0219, respectiv Baroul Mure\u0219, Camera Executorilor Judec\u0103tore\u0219ti T\u00e2rgu Mure\u0219 \u0219i Camera Notarilor Publici T\u00e2rgu Mure\u0219, au constituit INSTITUTUL DE CERCET\u0102RI JURIDICE \u0218I ISTORICE \u201eALEXANDRU PAPIU ILARIAN\u201d, \u00eenscris \u00een Registrul Na\u021bional O.N.G. sub nr. 3697\/A\/2024. Cererea de acordare a personalit\u0103\u021bii juridice a fost admis\u0103 prin \u00cencheierea civil\u0103&hellip;&nbsp;<a href=\"https:\/\/www.api-institut.ro\/?p=296\" rel=\"bookmark\">Cite\u0219te mai mult &raquo;<span class=\"screen-reader-text\">Constituire<\/span><\/a><\/div><\/li>\n<\/ul>","protected":false},"excerpt":{"rendered":"","protected":false},"author":1,"featured_media":0,"parent":0,"menu_order":0,"comment_status":"closed","ping_status":"closed","template":"","meta":{"neve_meta_sidebar":"","neve_meta_container":"","neve_meta_enable_content_width":"on","neve_meta_content_width":100,"neve_meta_title_alignment":"","neve_meta_author_avatar":"","neve_post_elements_order":"","neve_meta_disable_header":"","neve_meta_disable_footer":"","neve_meta_disable_title":"off","footnotes":""},"class_list":["post-19","page","type-page","status-publish","hentry"],"_links":{"self":[{"href":"https:\/\/www.api-institut.ro\/index.php?rest_route=\/wp\/v2\/pages\/19","targetHints":{"allow":["GET"]}}],"collection":[{"href":"https:\/\/www.api-institut.ro\/index.php?rest_route=\/wp\/v2\/pages"}],"about":[{"href":"https:\/\/www.api-institut.ro\/index.php?rest_route=\/wp\/v2\/types\/page"}],"author":[{"embeddable":true,"href":"https:\/\/www.api-institut.ro\/index.php?rest_route=\/wp\/v2\/users\/1"}],"replies":[{"embeddable":true,"href":"https:\/\/www.api-institut.ro\/index.php?rest_route=%2Fwp%2Fv2%2Fcomments&post=19"}],"version-history":[{"count":6,"href":"https:\/\/www.api-institut.ro\/index.php?rest_route=\/wp\/v2\/pages\/19\/revisions"}],"predecessor-version":[{"id":280,"href":"https:\/\/www.api-institut.ro\/index.php?rest_route=\/wp\/v2\/pages\/19\/revisions\/280"}],"wp:attachment":[{"href":"https:\/\/www.api-institut.ro\/index.php?rest_route=%2Fwp%2Fv2%2Fmedia&parent=19"}],"curies":[{"name":"wp","href":"https:\/\/api.w.org\/{rel}","templated":true}]}}