{"id":15,"date":"2024-09-06T14:45:41","date_gmt":"2024-09-06T14:45:41","guid":{"rendered":"https:\/\/www.api-institut.ro\/?page_id=15"},"modified":"2025-02-01T20:58:41","modified_gmt":"2025-02-01T20:58:41","slug":"prima-pagina","status":"publish","type":"page","link":"https:\/\/www.api-institut.ro\/","title":{"rendered":"Acas\u0103"},"content":{"rendered":"\n\t<div class=\"slideshow_container slideshow_container_style-light\" data-slideshow-id=\"100\" data-style-name=\"style-light\" data-style-version=\"2.5.20\">\n\t\t<div class=\"slideshow_loading_icon\"><\/div>\n\t\t<div class=\"slideshow_content\">\n\t\t\t<div class=\"slideshow_view\">\n\t\t\t\t<div class=\"slideshow_slide slideshow_slide_image\">\n\t\t\t\t\t\t\t\t\t\t\t<img loading=\"lazy\" decoding=\"async\" src=\"https:\/\/www.api-institut.ro\/wp-content\/uploads\/2024\/09\/resized_banner_940x310_no_text.png\" alt=\"resized_banner_940x310_no_text\" width=\"940\" height=\"310\" \/>\n\t\t\t\t\t\t\t\t\t\t<div class=\"slideshow_description_box slideshow_transparent\">\n\t\t\t\t\t\t<div class=\"slideshow_title\">resized_banner_940x310_no_text<\/div>\t\t\t\t\t\t\t\t\t\t\t<\/div>\n\t\t\t\t<\/div>\n\n\t\t\t\t\t\t\t\t\t<\/div>\n\t\t\t<div class=\"slideshow_view\">\n\t\t\t\t<div class=\"slideshow_slide slideshow_slide_image\">\n\t\t\t\t\t\t\t\t\t\t\t<img loading=\"lazy\" decoding=\"async\" src=\"https:\/\/www.api-institut.ro\/wp-content\/uploads\/2024\/09\/resized_banner_940x310.png\" alt=\"resized_banner_940x310\" width=\"940\" height=\"310\" \/>\n\t\t\t\t\t\t\t\t\t\t<div class=\"slideshow_description_box slideshow_transparent\">\n\t\t\t\t\t\t<div class=\"slideshow_title\">resized_banner_940x310<\/div>\t\t\t\t\t\t\t\t\t\t\t<\/div>\n\t\t\t\t<\/div>\n\n\t\t\t\t\t\t\t\t\t<\/div>\n\t\t\t<div class=\"slideshow_view\">\n\t\t\t\t<div class=\"slideshow_slide slideshow_slide_image\">\n\t\t\t\t\t\t\t\t\t\t\t<img loading=\"lazy\" decoding=\"async\" src=\"https:\/\/www.api-institut.ro\/wp-content\/uploads\/2024\/09\/styled_blue_banner-1.png\" alt=\"styled_blue_banner\" width=\"940\" height=\"310\" \/>\n\t\t\t\t\t\t\t\t\t\t<div class=\"slideshow_description_box slideshow_transparent\">\n\t\t\t\t\t\t<div class=\"slideshow_title\">styled_blue_banner<\/div>\t\t\t\t\t\t\t\t\t\t\t<\/div>\n\t\t\t\t<\/div>\n\n\t\t\t\t\t\t\t\t\t<\/div>\n\t\t<\/div>\n\t\t<div class=\"slideshow_controlPanel slideshow_transparent\"><ul><li class=\"slideshow_togglePlay\" data-play-text=\"Play\" data-pause-text=\"Pause\"><\/li><\/ul><\/div>\n\t\t<div class=\"slideshow_button slideshow_previous slideshow_transparent\" role=\"button\" data-previous-text=\"Previous\"><\/div>\n\t\t<div class=\"slideshow_button slideshow_next slideshow_transparent\" role=\"button\" data-next-text=\"Next\"><\/div>\n\t\t<div class=\"slideshow_pagination\" data-go-to-text=\"Go to slide\"><div class=\"slideshow_pagination_center\"><\/div><\/div>\n\t<\/div>\n\n\n\n\n<div class=\"wp-block-columns are-vertically-aligned-top is-layout-flex wp-container-core-columns-is-layout-9d6595d7 wp-block-columns-is-layout-flex\">\n<div class=\"wp-block-column is-vertically-aligned-top is-layout-flow wp-block-column-is-layout-flow\" style=\"flex-basis:66.66%\">\n<div class=\"wp-block-columns is-layout-flex wp-container-core-columns-is-layout-9d6595d7 wp-block-columns-is-layout-flex\">\n<div class=\"wp-block-column is-layout-flow wp-block-column-is-layout-flow\" style=\"padding-right:var(--wp--preset--spacing--30);padding-left:var(--wp--preset--spacing--30);flex-basis:100%\"><ul class=\"wp-block-latest-posts__list has-dates has-author wp-block-latest-posts\"><li><a class=\"wp-block-latest-posts__post-title\" href=\"https:\/\/www.api-institut.ro\/?p=355\">Marea schism\u0103<\/a><div class=\"wp-block-latest-posts__post-author\">de Eugen Hurub\u0103<\/div><time datetime=\"2025-07-16T12:07:39+00:00\" class=\"wp-block-latest-posts__post-date\">16 iulie 2025<\/time><div class=\"wp-block-latest-posts__post-excerpt\">\ud835\uddd4\ud835\uddff\ud835\uddf4\ud835\ude02\ud835\uddfa\ud835\uddf2\ud835\uddfb\ud835\ude01: \ud835\ude10\ud835\ude2f \ud835\ude2e\ud835\ude26\ud835\ude2e\ud835\ude30\ud835\ude33\ud835\ude2a\ud835\ude22 \ud835\ude31\ud835\ude22\ud835\ude35\ud835\ude33\ud835\ude30\ud835\ude2f\ud835\ude36\ud835\ude2d\ud835\ude36\ud835\ude2a \ud835\ude34\ud835\ude31\ud835\ude2a\ud835\ude33\ud835\ude2a\ud835\ude35\ud835\ude36\ud835\ude22\ud835\ude2d \ud835\ude22\ud835\ude2d \ud835\ude10\ud835\ude2f\ud835\ude34\ud835\ude35\ud835\ude2a\ud835\ude35\ud835\ude36\ud835\ude35\ud835\ude36\ud835\ude2d\ud835\ude36\ud835\ude2a \ud835\ude2f\ud835\ude30\ud835\ude34\ud835\ude35\ud835\ude33\ud835\ude36, \ud835\ude27\ud835\ude2a\ud835\ude36 \ud835\ude25\ud835\ude26 \ud835\ude31\ud835\ude33\ud835\ude26\ud835\ude30\ud835\ude35 \ud835\ude28\ud835\ude33\ud835\ude26\ud835\ude24\ud835\ude30-\ud835\ude24\ud835\ude22\ud835\ude35\ud835\ude30\ud835\ude2d\ud835\ude2a\ud835\ude24, \ud835\ude2a\ud835\ude2f\ud835\ude24\ud835\ude26\ud835\ude33\ud835\ude24\ud835\ude22\ud835\ude2e \ud835\ude34\ud835\ude22 \ud835\ude2e\ud835\ude22\ud835\ude33\ud835\ude24\ud835\ude22\ud835\ude2e \ud835\ude2a\ud835\ude34\ud835\ude35\ud835\ude30\ud835\ude33\ud835\ude2a\ud835\ude24\ud835\ude26\ud835\ude34\ud835\ude35\ud835\ude26 \ud835\ude26\ud835\ude37\ud835\ude26\ud835\ude2f\ud835\ude2a\ud835\ude2e\ud835\ude26\ud835\ude2f\ud835\ude35\ud835\ude36\ud835\ude2d \ud835\ude3b\ud835\ude2a\ud835\ude2d\ud835\ude26\ud835\ude2a \ud835\ude25\ud835\ude26 \ud835\ude22\ud835\ude34\ud835\ude35\ud835\ude22\ud835\ude3b\ud835\ude2a. \ud835\udde0\ud835\uddee\ud835\uddff\ud835\uddf2\ud835\uddee \ud835\udde6\ud835\uddf0\ud835\uddf5\ud835\uddf6\ud835\ude00\ud835\uddfa\ud835\uddee \u2013 \ud835\udde2 \ud835\uddf1\ud835\uddf2\ud835\ude00\ud835\uddfd\ud835\uddee\ud835\uddff\ud835\ude01\ud835\uddf6\ud835\uddff\ud835\uddf2 \ud835\uddee \ud835\uddf9\ud835\ude02\ud835\uddfa\ud835\uddf6\ud835\uddf6 \ud835\uddf0\ud835\uddff\ud835\uddf2\ud835\ude00\ud835\ude01\ud835\uddf6\ud835\uddfb\ud835\uddf2 \u00cen ziua de 16 iulie a anului 1054, un eveniment cutremur\u0103 unitatea Bisericii cre\u0219tine: Marea Schism\u0103 dintre Roma \u0219i Bizan\u021b. Atunci, Papa Leon al IX-lea \u0219i Patriarhul Mihail Cerularios se excomunic\u0103 reciproc, refuz\u00e2ndu-\u0219i unul altuia harul divin \u0219i pecetluind o ruptur\u0103 ce mocnea de veacuri. \ud835\udde1\ud835\uddee\ud835\ude00\ud835\ude01\ud835\uddf2\ud835\uddff\ud835\uddf2\ud835\uddee \ud835\udde3\ud835\uddf2\ud835\uddfb\ud835\ude01\ud835\uddee\ud835\uddff\ud835\uddf5\ud835\uddf6\ud835\uddf2\ud835\uddf6 \u00cencep\u00e2nd cu secolul al IV-lea, Biserica a conferit un statut deosebit anumitor episcopi, cei care aveau s\u0103 fie numi\u021bi mai t\u00e2rziu patriarhi. Ini\u021bial, acest privilegiu&hellip;&nbsp;<a href=\"https:\/\/www.api-institut.ro\/?p=355\" rel=\"bookmark\">Cite\u0219te mai mult &raquo;<span class=\"screen-reader-text\">Marea schism\u0103<\/span><\/a><\/div><\/li>\n<\/ul><\/div>\n<\/div>\n<\/div>\n\n\n\n<div class=\"wp-block-column is-vertically-aligned-top is-layout-flow wp-block-column-is-layout-flow\" style=\"flex-basis:33.33%\">\n<div style=\"background-color: gray; \/* Green *\/\n  border: none;\n  color: white;\n  padding: 15px 32px;\n  text-align: center;\n  text-decoration: none;\n  display: inline-block;\n  font-size: 16px;\n  margin: 4px 2px;\n  cursor: pointer;\"><h3>2% pentru institut<\/h3>\n<p>\nVre\u0163i s\u0103 ne sprijini\u0163i? Pute\u0163i s\u0103 ne direc\u0163iona\u021bi 2% din impozitul pe venit pe care \u00eel pl\u0103ti\u021bi statului.<\/p><\/div>\n\n\n\n<div style=\"background-color: gray; \/* Green *\/\n  border: none;\n  color: white;\n  padding: 15px 32px;\n  text-align: center;\n  text-decoration: none;\n  display: inline-block;\n  font-size: 16px;\n  margin: 4px 2px;\n  cursor: pointer;\"><h3>Cum pute\u021bi sprijini institutul ?<\/h3>\n<p>Pute\u021bi sprijini Institutul de Cercet\u0103ri Juridice \u0219i Istorice \u201eAlexandru Papiu Ilarian\u201d astfel:<br>\n&#8211; propun\u00e2nd teme de cercetare noi;<br>\n&#8211; \u00eencheind un contract de sponsorizare;\n<\/p>\n<\/div>\n<\/div>\n<\/div>\n\n\n\n<!-- \n<div id=\"popup\" style=\"display: none;\">\n  <div id=\"popup-content\">\n    <span id=\"close-popup\">&times;<\/span>\n    <img decoding=\"async\" src=\"https:\/\/www.api-institut.ro\/wp-content\/uploads\/2024\/12\/WhatsApp-Image-2024-12-31-at-12.39.46-reduced_half.jpeg\" alt=\"Happy New Year\" \/>\n  <\/div>\n<\/div>\n-->\n\n<script>\n  \/\/ Show the popup when the page loads\n \/\/ window.onload = function() {\n   \/\/ document.getElementById('popup').style.display = 'flex';\n\/\/  };\n\n  \/\/ Close the popup when the \"X\" is clicked\n\/\/  document.getElementById('close-popup').onclick = function() {\n \/\/   document.getElementById('popup').style.display = 'none';\n \/\/ };\n<\/script>\n\n<style>\n  \/* Popup background *\/\n  #popup {\n    position: fixed;\n    top: 0;\n    left: 0;\n    width: 100%;\n    height: 100%;\n    background: rgba(0, 0, 0, 0.8);\n    display: flex;\n    align-items: center;\n    justify-content: center;\n    z-index: 1000;\n  }\n\n  \/* Popup content *\/\n  #popup-content {\n    position: relative;\n    width: 504px;\n    height: 324px;\n    background: #fff;\n    border-radius: 10px;\n    box-shadow: 0 4px 8px rgba(0, 0, 0, 0.2);\n    display: flex;\n    flex-direction: column;\n    align-items: center;\n    justify-content: center;\n  }\n\n  #popup-content img {\n    max-width: 100%;\n    max-height: 100%;\n    border-radius: 10px;\n  }\n\n  \/* Close button *\/\n  #close-popup {\n    position: absolute;\n    top: 10px;\n    right: 10px;\n    font-size: 24px;\n    color: #333;\n    cursor: pointer;\n    background: #fff;\n    border-radius: 50%;\n    width: 30px;\n    height: 30px;\n    line-height: 28px;\n    text-align: center;\n    font-weight: bold;\n    box-shadow: 0 2px 4px rgba(0, 0, 0, 0.2);\n  }\n\n  #close-popup:hover {\n    background: #ff5722;\n    color: #fff;\n  }\n<\/style>\n","protected":false},"excerpt":{"rendered":"<p>2% pentru institut Vre\u0163i s\u0103 ne sprijini\u0163i? Pute\u0163i s\u0103 ne direc\u0163iona\u021bi 2% din impozitul pe venit pe care \u00eel pl\u0103ti\u021bi statului. Cum pute\u021bi sprijini institutul ? Pute\u021bi sprijini Institutul de Cercet\u0103ri Juridice \u0219i Istorice \u201eAlexandru Papiu Ilarian\u201d astfel: &#8211; propun\u00e2nd teme de cercetare noi; &#8211; \u00eencheind un contract de sponsorizare;<\/p>\n","protected":false},"author":1,"featured_media":0,"parent":0,"menu_order":0,"comment_status":"closed","ping_status":"closed","template":"","meta":{"neve_meta_sidebar":"","neve_meta_container":"","neve_meta_enable_content_width":"on","neve_meta_content_width":100,"neve_meta_title_alignment":"","neve_meta_author_avatar":"","neve_post_elements_order":"","neve_meta_disable_header":"","neve_meta_disable_footer":"","neve_meta_disable_title":"on","footnotes":""},"class_list":["post-15","page","type-page","status-publish","hentry"],"_links":{"self":[{"href":"https:\/\/www.api-institut.ro\/index.php?rest_route=\/wp\/v2\/pages\/15","targetHints":{"allow":["GET"]}}],"collection":[{"href":"https:\/\/www.api-institut.ro\/index.php?rest_route=\/wp\/v2\/pages"}],"about":[{"href":"https:\/\/www.api-institut.ro\/index.php?rest_route=\/wp\/v2\/types\/page"}],"author":[{"embeddable":true,"href":"https:\/\/www.api-institut.ro\/index.php?rest_route=\/wp\/v2\/users\/1"}],"replies":[{"embeddable":true,"href":"https:\/\/www.api-institut.ro\/index.php?rest_route=%2Fwp%2Fv2%2Fcomments&post=15"}],"version-history":[{"count":71,"href":"https:\/\/www.api-institut.ro\/index.php?rest_route=\/wp\/v2\/pages\/15\/revisions"}],"predecessor-version":[{"id":349,"href":"https:\/\/www.api-institut.ro\/index.php?rest_route=\/wp\/v2\/pages\/15\/revisions\/349"}],"wp:attachment":[{"href":"https:\/\/www.api-institut.ro\/index.php?rest_route=%2Fwp%2Fv2%2Fmedia&parent=15"}],"curies":[{"name":"wp","href":"https:\/\/api.w.org\/{rel}","templated":true}]}}